{"id":11352,"date":"2021-03-29T04:38:18","date_gmt":"2021-03-29T02:38:18","guid":{"rendered":"https:\/\/www.blackmoonrose.de\/?page_id=11352"},"modified":"2021-03-29T04:38:18","modified_gmt":"2021-03-29T02:38:18","slug":"lil-garden","status":"publish","type":"page","link":"https:\/\/www.blackmoonrose.de\/?page_id=11352","title":{"rendered":"lil Garden"},"content":{"rendered":"\n<p>\u00a0<img loading=\"lazy\" decoding=\"async\" class=\"alignleft wp-image-11353 size-medium\" style=\"margin-bottom: 3px; margin-right: 3px;\" src=\"https:\/\/www.blackmoonrose.de\/wp-content\/uploads\/2021\/03\/20210319_032200_HDR-225x300.jpg\" alt=\"\" width=\"225\" height=\"300\" srcset=\"https:\/\/www.blackmoonrose.de\/wp-content\/uploads\/2021\/03\/20210319_032200_HDR-225x300.jpg 225w, https:\/\/www.blackmoonrose.de\/wp-content\/uploads\/2021\/03\/20210319_032200_HDR.jpg 682w\" sizes=\"auto, (max-width: 225px) 100vw, 225px\" \/>Mit dieser gekrakkelten Skizze fing es 2019 an bzw. damit das der Mann sagte &#8220;ich hab Urlaub,lass uns doch einen Garten anlegen. \u00d6\u00f6\u00f6hm. <br \/>Kein Plan von nix,nur die spontane Idee das es eine Art Bauerngarten werden sollte,da ich nicht nur gerne Gem\u00fcse anbauen wollte,sondern auch Platz f\u00fcr Blumen haben wollte. <br \/>Kurz drauf hockten wir bewaffnet mit div Werkzeugen und F\u00e4den zum messen auf der Wiese und legten los. <br \/>Innerhalb von 1-2-3 Tagen stand das Ding. Beetfl\u00e4chen waren von Rasen befreit und als erstes zog der kleine Cox-Apfel ein der schon ein paar Jahre im K\u00fcbel stand. Als der Zaun ringsum im Boden war,konnte auch der Boskoop nachziehen. <br \/>Mein Gedanke\u00a0 war nur &#8220;gut das ich einen schwarzen Daumen habe und von nichts eine Ahnung&#8221;\u00a0 Was ich wollte,wusste ich aber. Und zwar ein Garten der rund um\u00b4s Jahr irgendwas her gibt. Daran arbeite ich jetzt. <br \/>Mein Garten\/Pflanzenwissen ist so ziemlich nicht vorhanden. Ich bin zwar mit einem Nutzgarten aufgewachsen,allerdings k\u00fcmmerte sich da meine Oma drum.\u00a0 Bei uns war der Garten hinter\u00b4m Haus zum gr\u00f6\u00dften Teil Acker. Eine kleine Rasenfl\u00e4che die durch einen gro\u00dfen alten Boskoop und div. Beerenb\u00fcsche begrenzt war und dahinter eben Anbaufl\u00e4che mit ganz vielen Obstb\u00e4umen,Holunder etc.pp\u00a0 Mir gefiel nie das es zum gr\u00f6\u00dften Teil ein Nutzgarten war,ohne viel Blumen o.\u00e4\u00a0 Daher w\u00e4re ein reiner kleiner Gem\u00fcsegarten auch nicht meines gewesen. <br \/>Zun\u00e4chst war ich einfach zu klein um irgendwas zu behalten oder erinnern und im Teenalter hat man dann was anderes als Garten im Kopf. Oma kann ich leider heute nicht mehr fragen,aber zum Gl\u00fcck gibt es heute Internet. Der Rest ist Try&amp;Error. D\u00fcnger gibt es ausschlie\u00dflich nat\u00fcrlichen inkl. Kaffee,am Kompost wird auch noch gearbeitet. So lange der noch nichts hergibt,kaufe ich Naturd\u00fcnger. <br \/><br \/>So sah es in den ersten Tagen aus. Jede Menge Rasen kratzen,Schn\u00fcre spannen und vorallem Steine,Steine,Steine. Letztere verfolgen mich heute noch. Stellenweise hat man den Eindruck da hat ein Schuttlaster seine Ladung verloren. <br \/><a href=\"https:\/\/www.blackmoonrose.de\/wp-content\/uploads\/2021\/03\/IMG_20190424_124917.jpg\"><img loading=\"lazy\" decoding=\"async\" class=\"alignnone wp-image-11354 size-thumbnail\" src=\"https:\/\/www.blackmoonrose.de\/wp-content\/uploads\/2021\/03\/IMG_20190424_124917-150x150.jpg\" alt=\"\" width=\"150\" height=\"150\" \/><\/a> <a href=\"https:\/\/www.blackmoonrose.de\/wp-content\/uploads\/2021\/03\/IMG_20190424_133451.jpg\"><img loading=\"lazy\" decoding=\"async\" class=\"alignnone wp-image-11355 size-thumbnail\" src=\"https:\/\/www.blackmoonrose.de\/wp-content\/uploads\/2021\/03\/IMG_20190424_133451-150x150.jpg\" alt=\"\" width=\"150\" height=\"150\" \/><\/a> <a href=\"https:\/\/www.blackmoonrose.de\/wp-content\/uploads\/2021\/03\/IMG_20190424_150359.jpg\"><img loading=\"lazy\" decoding=\"async\" class=\"alignnone wp-image-11356 size-thumbnail\" src=\"https:\/\/www.blackmoonrose.de\/wp-content\/uploads\/2021\/03\/IMG_20190424_150359-150x150.jpg\" alt=\"\" width=\"150\" height=\"150\" \/><\/a> <a href=\"https:\/\/www.blackmoonrose.de\/wp-content\/uploads\/2021\/03\/IMG_20190510_124117.jpg\"><img loading=\"lazy\" decoding=\"async\" class=\"alignnone wp-image-11357 size-thumbnail\" src=\"https:\/\/www.blackmoonrose.de\/wp-content\/uploads\/2021\/03\/IMG_20190510_124117-150x150.jpg\" alt=\"\" width=\"150\" height=\"150\" \/><\/a><br \/>Zun\u00e4chst wollte ich auch etwas mit den Steinen machen. Zumindest mit den etwas gr\u00f6\u00dferen. Beeteinfassung o.\u00e4 Allerdings wurde der Plan letztes Jahr von h\u00f6lzernen Rollboards abgel\u00f6st. Die Steine sind doch etwas zu frickelig,eher ung\u00fcnstig beim Rasenschnitt und Schnecken kommen sofort dr\u00fcber. <br \/><br \/>Die Bodenqualit\u00e4t lies zun\u00e4chst auch etwas zu W\u00fcnschen \u00fcbrig. Alles seeehr sandig und sehr viel Unkraut. Inzwischen hat sich das merklich gebessert und es tauchen auch weniger Beikr\u00e4uter auf \ud83d\ude09 <br \/>Die ersten Mitbewohner zogen auch ziemlich rasch ein. Von einem Freund bekamen wir einen Lorbeerbusch und zwei Rosmarinb\u00fcsche wegen Umzug. Und von einer Nachbarin bekam ich Himbeerstecklinge. Die beiden Apfelb\u00e4ume,ebenso Johannisbeer und Stachelbeerstrauch hatte ich schon ein paar Jahre im K\u00fcbel. <br \/><a href=\"https:\/\/www.blackmoonrose.de\/wp-content\/uploads\/2021\/03\/IMG_20190510_121342.jpg\"><img loading=\"lazy\" decoding=\"async\" class=\"alignnone size-thumbnail wp-image-11374\" src=\"https:\/\/www.blackmoonrose.de\/wp-content\/uploads\/2021\/03\/IMG_20190510_121342-150x150.jpg\" alt=\"\" width=\"150\" height=\"150\" \/><\/a>\u00a0 <a href=\"https:\/\/www.blackmoonrose.de\/wp-content\/uploads\/2021\/03\/IMG_20190525_172455.jpg\"><img loading=\"lazy\" decoding=\"async\" class=\"alignnone size-thumbnail wp-image-11375\" src=\"https:\/\/www.blackmoonrose.de\/wp-content\/uploads\/2021\/03\/IMG_20190525_172455-150x150.jpg\" alt=\"\" width=\"150\" height=\"150\" \/><\/a>\u00a0 <a href=\"https:\/\/www.blackmoonrose.de\/wp-content\/uploads\/2021\/03\/IMG_20190622_184509.jpg\"><img loading=\"lazy\" decoding=\"async\" class=\"alignnone size-thumbnail wp-image-11376\" src=\"https:\/\/www.blackmoonrose.de\/wp-content\/uploads\/2021\/03\/IMG_20190622_184509-150x150.jpg\" alt=\"\" width=\"150\" height=\"150\" \/><\/a><br \/>Viel ging im ersten Jahr\/Anlauf nicht. Da wir den Garten erst Ende April anlegten,war es schon etwas sp\u00e4t wie ich bemerkt hatte. Jungpflanzen kaum noch zu bekommen und ich musste nehmen was ich bekommen konnte. Ein paar Kartoffeln,Zucchini (die ohne Ende) Tomaten und ein K\u00fcrbis klappten aber. Auch Saaten waren nicht mehr alle zu bekommen die ich gern h\u00e4tte haben wollen. <br \/>Die Dahlien zogen alle vom Balkon runter in die Randbepflanzung wo eine Mischung aus Obstgeh\u00f6lz,mehrj\u00e4hrigen Zierpflanzen und eben Saisonblumen wie Dahlien herrscht. <br \/>Eigentlich achte ich bei Blumen darauf das sie insektenfreundlich sind,aber bei Dahlien wird die ein oder andere Ausnahme gemacht. <br \/><br \/>Ich nutzte den Herbst&amp;Winter um ein wenig zu lesen,Infos zu sammeln etc. Leider gibt es kaum gute Gartenforen wo man direkt in den Austausch mit anderen gehen kann,aber Youtube und div andere Seiten halfen auch. <br \/>Versuchte mich auch das erste Mal in Pflanzen vorziehen. Das endete allerdings letztendlich in einem kleinen Debakel. Denn so ziemlich alles ging mir kurz nachdem ich\u00b4s in die Beete gesetzt hatte,ein. Warum,wieso wei\u00df ich bis heute nicht. Bei K\u00fcrbis und Zucchinis nicht sooo das Drama,da die recht fix auch im Beet gehen,aber bei Tomaten und Paprika ziemlich doof. So musste ich auf gekaufte Pflanzen zur\u00fcckgreifen. Und leider trugen die nicht wirklich bzw. nur eine und geschmeckt haben sie null.\u00a0 So oder so lief es durchwachsen. Die Buschbohnenausbeute war \u00e4hnlich mau (im Vorjahr liefen die super) die Pflanzen kr\u00e4nkelten,Kartoffeln hatten Krautf\u00e4ule aufgrund des doch eher bescheidenen Wetters (zu nass und sp\u00e4t dann erst warm) Und als h\u00e4tte das nicht schon gereicht,fielen Horden von Nacktschnecken \u00fcber den Garten her. Obst gab\u00b4s nur in Form von ein paar Himbeeren,da es im Fr\u00fchjahr noch einen derben Sp\u00e4tfrost gab,nachdem es \u00fcber ein paar Wochen richtig sch\u00f6n warm war. Da fr\u00f6stelten die Bl\u00fcten an den B\u00e4umen ab. <br \/>Ich experimentierte\/probierte aber mit Zwischenpflanzen wie div. Blumensorten und Zwiebeln.\u00a0 Dank letzterer hatten wir eine recht \u00fcppige M\u00f6hrenernte. Fenchel,Sellerie,Kohlrabi und rote Bete liefen null. <br \/>So sah\u00b4s zwischendrin aus ~ Die K\u00fcrbisse bekamen was zu klettern ~ zwei Schafgabepflanzen zogen u.a ein ~ und das kaputte Vogelhaus wurd renoviert und repariert<br \/><a href=\"https:\/\/www.blackmoonrose.de\/wp-content\/uploads\/2021\/03\/IMG_20200620_155841.jpg\"><img loading=\"lazy\" decoding=\"async\" class=\"alignnone size-thumbnail wp-image-11397\" src=\"https:\/\/www.blackmoonrose.de\/wp-content\/uploads\/2021\/03\/IMG_20200620_155841-150x150.jpg\" alt=\"\" width=\"150\" height=\"150\" \/><\/a>\u00a0 <a href=\"https:\/\/www.blackmoonrose.de\/wp-content\/uploads\/2021\/03\/IMG_20200709_132445.jpg\"><img loading=\"lazy\" decoding=\"async\" class=\"alignnone size-thumbnail wp-image-11399\" src=\"https:\/\/www.blackmoonrose.de\/wp-content\/uploads\/2021\/03\/IMG_20200709_132445-150x150.jpg\" alt=\"\" width=\"150\" height=\"150\" \/><\/a>\u00a0 <a href=\"https:\/\/www.blackmoonrose.de\/wp-content\/uploads\/2021\/03\/IMG_20200702_133944_1.jpg\"><img loading=\"lazy\" decoding=\"async\" class=\"alignnone size-thumbnail wp-image-11398\" src=\"https:\/\/www.blackmoonrose.de\/wp-content\/uploads\/2021\/03\/IMG_20200702_133944_1-150x150.jpg\" alt=\"\" width=\"150\" height=\"150\" \/><\/a> \u00a0<a href=\"https:\/\/www.blackmoonrose.de\/wp-content\/uploads\/2021\/03\/IMG_20200718_131137.jpg\"><img loading=\"lazy\" decoding=\"async\" class=\"alignnone size-thumbnail wp-image-11400\" src=\"https:\/\/www.blackmoonrose.de\/wp-content\/uploads\/2021\/03\/IMG_20200718_131137-150x150.jpg\" alt=\"\" width=\"150\" height=\"150\" \/><\/a><br \/>K\u00fcrbisse ist das Stichwort &#8230; mein kleines,heimliches Steckenpferdchen ^^ Ich mag sie zwar nicht essen,aber liebe K\u00fcrbisse als Deko. Eine Sorte mickelte rum,der Rest ging gut. So hatten wir im Herbst eine recht zufriedenstellende Ausbeute. Einen Honig,einen Warzen,ein paar kleine Mandarinenk\u00fcrbisse und einen klassischen Halloweenk\u00fcrbis. <br \/>Dank der Schneckeninvasion plus des eher schlechten,nassen und zu kalten Wetters hat mein Dahlienbestand mehr als gelitten. Einige sind komplett kaputt gegangen,andere sind gar nicht zum bl\u00fchen gekommen. Daf\u00fcr gab\u00b4s ein riesen Vorrat an div. Sonnenblumensamen. <br \/><br \/>Generell kann ich sagen,ich scher mich einen Mist um Ordnung \ud83d\ude09 Gern darf der Garten eine gewissen Wildheit haben,viel Blumen die N\u00fctzlingen Nahrung geben. Ich hab noch keine Ahnung wo es hingeht mit dem kleinen St\u00fcck Land. Langfristig h\u00e4tte ich gern ein kleines Gew\u00e4chshaus,ggf. ein kleines Gartenh\u00fcttchen wo man sich hinsetzen kann. Ein wenig einwachsen ringsum darf der Garten auch,das man nicht so super frontal reinschauen kann. Da bin ich noch auf der Suche nach geeigneter Dauerbepflanzung. Die Seite zur Stra\u00dfe hin ist leider eher schattig und feucht. Daf\u00fcr passendes,ggf immergr\u00fcnes zu finden oder etwas was insektenfreundlich ist dauert. Vllt gibt\u00b4s irgendwann noch ne Verl\u00e4ngerung f\u00fcr Dahlien,weil ich irgendwann zu viele hab ^^ <br \/><br \/><br \/><\/p>\n","protected":false},"excerpt":{"rendered":"<p>\u00a0Mit dieser gekrakkelten Skizze fing es 2019 an bzw. damit das der Mann sagte &#8220;ich hab Urlaub,lass uns doch einen Garten anlegen. \u00d6\u00f6\u00f6hm. Kein Plan von nix,nur die spontane Idee das es eine Art Bauerngarten werden sollte,da ich nicht nur gerne Gem\u00fcse anbauen wollte,sondern auch Platz f\u00fcr Blumen haben wollte. Kurz drauf hockten wir bewaffnet &hellip; <\/p>\n","protected":false},"author":1,"featured_media":0,"parent":0,"menu_order":0,"comment_status":"closed","ping_status":"closed","template":"","meta":{"footnotes":""},"class_list":["post-11352","page","type-page","status-publish","hentry"],"_links":{"self":[{"href":"https:\/\/www.blackmoonrose.de\/index.php?rest_route=\/wp\/v2\/pages\/11352","targetHints":{"allow":["GET"]}}],"collection":[{"href":"https:\/\/www.blackmoonrose.de\/index.php?rest_route=\/wp\/v2\/pages"}],"about":[{"href":"https:\/\/www.blackmoonrose.de\/index.php?rest_route=\/wp\/v2\/types\/page"}],"author":[{"embeddable":true,"href":"https:\/\/www.blackmoonrose.de\/index.php?rest_route=\/wp\/v2\/users\/1"}],"replies":[{"embeddable":true,"href":"https:\/\/www.blackmoonrose.de\/index.php?rest_route=%2Fwp%2Fv2%2Fcomments&post=11352"}],"version-history":[{"count":5,"href":"https:\/\/www.blackmoonrose.de\/index.php?rest_route=\/wp\/v2\/pages\/11352\/revisions"}],"predecessor-version":[{"id":12640,"href":"https:\/\/www.blackmoonrose.de\/index.php?rest_route=\/wp\/v2\/pages\/11352\/revisions\/12640"}],"wp:attachment":[{"href":"https:\/\/www.blackmoonrose.de\/index.php?rest_route=%2Fwp%2Fv2%2Fmedia&parent=11352"}],"curies":[{"name":"wp","href":"https:\/\/api.w.org\/{rel}","templated":true}]}}