{"id":12545,"date":"2022-05-31T11:48:31","date_gmt":"2022-05-31T09:48:31","guid":{"rendered":"https:\/\/www.blackmoonrose.de\/?page_id=12545"},"modified":"2024-11-13T09:39:46","modified_gmt":"2024-11-13T07:39:46","slug":"wassermonster","status":"publish","type":"page","link":"https:\/\/www.blackmoonrose.de\/?page_id=12545","title":{"rendered":"Wassermonster"},"content":{"rendered":"\r\n<p>Die drei <del>Axolotl<\/del> Seek\u00fche (momentan nur noch 2) <\/p>\r\n<p>Hiccup (links) wurde ca.15-16 Jahre.\u00a0 Crowley 6 Jahre. Und Fergus 4 Jahre alt die olle Sprosse.<br \/>\r\n<a href=\"https:\/\/www.blackmoonrose.de\/wp-content\/uploads\/2023\/07\/IMG_20220915_200716_337.jpg\"><img loading=\"lazy\" decoding=\"async\" class=\"alignnone size-thumbnail wp-image-13126\" src=\"https:\/\/www.blackmoonrose.de\/wp-content\/uploads\/2023\/07\/IMG_20220915_200716_337-150x150.jpg\" alt=\"\" width=\"150\" height=\"150\" \/><\/a> \u00a0 <a href=\"https:\/\/www.blackmoonrose.de\/wp-content\/uploads\/2023\/07\/20230709_102753.jpg\"><img loading=\"lazy\" decoding=\"async\" class=\"alignnone size-thumbnail wp-image-13125\" src=\"https:\/\/www.blackmoonrose.de\/wp-content\/uploads\/2023\/07\/20230709_102753-150x150.jpg\" alt=\"\" width=\"150\" height=\"150\" \/><\/a> \u00a0 <a href=\"https:\/\/www.blackmoonrose.de\/wp-content\/uploads\/2023\/07\/20221202_165146.jpg\"><img loading=\"lazy\" decoding=\"async\" class=\"alignnone size-thumbnail wp-image-13124\" src=\"https:\/\/www.blackmoonrose.de\/wp-content\/uploads\/2023\/07\/20221202_165146-150x150.jpg\" alt=\"\" width=\"150\" height=\"150\" \/><\/a><br \/>\r\n\u00a0\u00a0\u00a0 \u00a0 <br \/>\r\n<br \/>\r\nIch wollte NIE ein Aquarium. Wirklich nie. Meine Meinung \u00fcber Haustierhaltung bel\u00e4uft sich darauf,das allem was ich nicht im Ansatz artgerecht werden kann,kommt mir nicht ins Haus. Punkt. Dazu geh\u00f6ren auch u.a Fische und anderes Wassergetier.\u00a0 Nun begab es sich das kleiner Wasserdrache in Not war bzw. drohte aus dem Haus zu fliegen weil er sein Weibchen verbiss. Im Vorfeld wurden div. M\u00f6glichkeiten ausprobiert das in den Griff zu bekommen,half aber alles nichts. Naja und ich mit meiner gro\u00dfen Klappe sagte nat\u00fcrlich &#8220;bevor das Tier auf der Stra\u00dfe landet,bring es mit,wir nehmen es&#8221; Und so kamen wir zu einem kleinen Wassermonster. Sehr spontan,etwas vorbereitet aber sehr ahnungslos. <br \/>\r\nIm Nachgang stellte sich raus das das Weibchen krank war und sich so die Bei\u00dfattacken erkl\u00e4ren lie\u00dfen. Da stand f\u00fcr mich dann recht fix fest das Hiccup nicht alleine bleibt,sondern wieder Gesellschaft bekommt. <br \/>\r\n<br \/>\r\nMan sollte meinen so ein kleiner Drache ist nicht schwer zu halten. Klar,es ist etwas &#8220;einfacher&#8221; bzw. ich w\u00fcrde es weniger aufw\u00e4ndig nennen,als so manches Fischaquarium. Das war\u00b4s dann aber auch. <br \/>\r\nSie wollen kaltes Wasser (bis max. 20 Grad) m\u00f6gen keine Sonne (sprich das Becken sollte ohne direktes (Sonnen)Licht stehen,sie lieben viele Pflanzen,brauchen speziellen Bodengrund,sind nur ganz bedingt mit anderen Wasserbewohnern zu vergesellschaften usw. Und bitte bitte,absolut keine Wasserzus\u00e4tze, Starterkulturen f\u00fcr\u00b4s Becken,D\u00fcnger f\u00fcr Pflanzen o.\u00e4 Das kann die Kerlchen krank machen bzw. auch t\u00f6dlich sein. <br \/>\r\nUnd so niedlich sie sind,kuscheln ist nicht ^^ (gef\u00fchlt wei\u00df Hiccs das nicht &#8230; aber psst)\u00a0 Plus eine echte Downside &#8230; die wenigsten Tier\u00e4rzte kennen sich mit ihnen aus. Sprich wenn was ist,man nicht das Gl\u00fcck hat einen Doc in der N\u00e4he zu haben,muss man ihnen selber helfen. <br \/>\r\n<br \/>\r\nAlso mit gehangen,mit gefangen. <br \/>\r\nZu Anfang gab es ein kleines 80 cm Becken. Aus drei Gr\u00fcnden. Zum einen da die Stabilit\u00e4t und Gr\u00f6\u00dfe des Schrankes wo es drauf sollte,nix anderes her gab,ich kam so schnell an nix gr\u00f6\u00dferes und zum anderen wollte ich erst einmal abwarten wie sich das mit der Vertr\u00e4glichkeit rausstellt.\u00a0 Muss dazu sagen,wir haben genau eine Stelle in der ganzen Wohnung wo ein geeigneter Stellplatz f\u00fcr die Lotl ist. Und das ist bei mir im Schlafzimmer *g* Dauerschatten,null direkte Sonne. Und dort stand zun\u00e4chst ein halbhoher 100 cm W\u00e4scheschrank. <br \/>\r\nStartschwierigkeiten gab es auch massig. Einmal kippte mir eine pupsige Pflanze das ganze Becken (zum Gl\u00fcck noch ohne Tier drin) dann hatte ich ung\u00fcnstigen Bodengrund (Sand &#8230; kann man machen,ist aber bei den Dreckspatzen ung\u00fcnstig &#8230; besser ist Axogravel) Pflanzen die mir ewig eingingen usw. <br \/>\r\nKurz drauf bekam ich die traurige Nachricht das sein Weibchen an einem Tumor verstorben sei. Ok &#8230; gro\u00dfes Becken &#8230; das kleine so lange wie n\u00f6tig als \u00dcbergang wo ich\u00b4s dann endlich irgendwann mal problemfrei am laufen hatte.<br \/>\r\nHiccs sein kleines Wohnzimmer f\u00fcr den \u00dcbergang. Zun\u00e4chst mit Innenfilter,dann kleiner Aussenfilter und Co2 Pumpe die einen irre macht. <br \/>\r\n<a href=\"https:\/\/www.blackmoonrose.de\/wp-content\/uploads\/2022\/06\/20220429_053908_HDR.jpg\"><img loading=\"lazy\" decoding=\"async\" class=\"alignnone size-medium wp-image-12557\" src=\"https:\/\/www.blackmoonrose.de\/wp-content\/uploads\/2022\/06\/20220429_053908_HDR-300x225.jpg\" alt=\"\" width=\"300\" height=\"225\" srcset=\"https:\/\/www.blackmoonrose.de\/wp-content\/uploads\/2022\/06\/20220429_053908_HDR-300x225.jpg 300w, https:\/\/www.blackmoonrose.de\/wp-content\/uploads\/2022\/06\/20220429_053908_HDR-700x525.jpg 700w, https:\/\/www.blackmoonrose.de\/wp-content\/uploads\/2022\/06\/20220429_053908_HDR-768x576.jpg 768w, https:\/\/www.blackmoonrose.de\/wp-content\/uploads\/2022\/06\/20220429_053908_HDR.jpg 800w\" sizes=\"auto, (max-width: 300px) 100vw, 300px\" \/><\/a><br \/>\r\n<br \/>\r\n<a href=\"https:\/\/www.blackmoonrose.de\/wp-content\/uploads\/2023\/07\/20230711_062450.jpg\"><img loading=\"lazy\" decoding=\"async\" class=\"alignright size-medium wp-image-13123\" src=\"https:\/\/www.blackmoonrose.de\/wp-content\/uploads\/2023\/07\/20230711_062450-300x128.jpg\" alt=\"\" width=\"300\" height=\"128\" srcset=\"https:\/\/www.blackmoonrose.de\/wp-content\/uploads\/2023\/07\/20230711_062450-300x128.jpg 300w, https:\/\/www.blackmoonrose.de\/wp-content\/uploads\/2023\/07\/20230711_062450-700x299.jpg 700w, https:\/\/www.blackmoonrose.de\/wp-content\/uploads\/2023\/07\/20230711_062450-768x328.jpg 768w, https:\/\/www.blackmoonrose.de\/wp-content\/uploads\/2023\/07\/20230711_062450.jpg 1405w\" sizes=\"auto, (max-width: 300px) 100vw, 300px\" \/><\/a>Das gro\u00dfe Wohnzimmer der drei l\u00e4uft nun seit Fr\u00fchjahr 2022. Inzwischen mit der Kombination K\u00fchler und Eckmattenfilter versehen das die Seek\u00fche nicht im Sommer ausquatiert werden m\u00fcssen bei knapp 30 Grad Raumtemperatur. So haben sie angenehme 16-19 Grad durchgehend (ja es verf\u00fchrt dazu sich selbst rein zu legen)\u00a0 Das Becken eine Gr\u00f6\u00dfe von 120x40x50 und ein Fluval SkyLight.\u00a0\u00a0 Bepflanzung wechselt. Aktuell hatte ich nachgelegt,da mir die Schnecken so ein wenig viel weggefressen hatten und ein wenig was ist so kaputt gegangen. Bei den eher kalten Temperaturen und ged\u00e4mpften Licht h\u00e4lt sich auch leider nicht immer alles. Da muss man probieren. Faustregel ist nur,je mehr Dschungel desto besser \ud83d\ude09 Ausserdem lieben die Tierchen sich in die Pflanzen zu h\u00e4ngen. Sobald ich neue &#8220;Blumen&#8221; drin hab,hangelt sich Hiccs durch jede einzelne und muss probieren. <br \/>\r\n<br \/>\r\n<br \/>\r\n<br \/>\r\n<br \/>\r\n<br \/>\r\n<br \/>\r\n<br \/>\r\n<\/p>\r\n","protected":false},"excerpt":{"rendered":"<p>Die drei Axolotl Seek\u00fche (momentan nur noch 2) Hiccup (links) wurde ca.15-16 Jahre.\u00a0 Crowley 6 Jahre. Und Fergus 4 Jahre alt die olle Sprosse. \u00a0 \u00a0 \u00a0\u00a0\u00a0 \u00a0 Ich wollte NIE ein Aquarium. Wirklich nie. Meine Meinung \u00fcber Haustierhaltung bel\u00e4uft sich darauf,das allem was ich nicht im Ansatz artgerecht werden kann,kommt mir nicht ins Haus. &hellip; <\/p>\n","protected":false},"author":1,"featured_media":0,"parent":0,"menu_order":0,"comment_status":"closed","ping_status":"closed","template":"","meta":{"footnotes":""},"class_list":["post-12545","page","type-page","status-publish","hentry"],"_links":{"self":[{"href":"https:\/\/www.blackmoonrose.de\/index.php?rest_route=\/wp\/v2\/pages\/12545","targetHints":{"allow":["GET"]}}],"collection":[{"href":"https:\/\/www.blackmoonrose.de\/index.php?rest_route=\/wp\/v2\/pages"}],"about":[{"href":"https:\/\/www.blackmoonrose.de\/index.php?rest_route=\/wp\/v2\/types\/page"}],"author":[{"embeddable":true,"href":"https:\/\/www.blackmoonrose.de\/index.php?rest_route=\/wp\/v2\/users\/1"}],"replies":[{"embeddable":true,"href":"https:\/\/www.blackmoonrose.de\/index.php?rest_route=%2Fwp%2Fv2%2Fcomments&post=12545"}],"version-history":[{"count":10,"href":"https:\/\/www.blackmoonrose.de\/index.php?rest_route=\/wp\/v2\/pages\/12545\/revisions"}],"predecessor-version":[{"id":13765,"href":"https:\/\/www.blackmoonrose.de\/index.php?rest_route=\/wp\/v2\/pages\/12545\/revisions\/13765"}],"wp:attachment":[{"href":"https:\/\/www.blackmoonrose.de\/index.php?rest_route=%2Fwp%2Fv2%2Fmedia&parent=12545"}],"curies":[{"name":"wp","href":"https:\/\/api.w.org\/{rel}","templated":true}]}}