{"id":2347,"date":"2013-06-18T09:11:57","date_gmt":"2013-06-18T07:11:57","guid":{"rendered":"http:\/\/www.blackmoonrose.de\/?page_id=2347"},"modified":"2018-05-23T08:09:22","modified_gmt":"2018-05-23T06:09:22","slug":"abspann","status":"publish","type":"page","link":"https:\/\/www.blackmoonrose.de\/?page_id=2347","title":{"rendered":"Abspann"},"content":{"rendered":"<p><strong>Impressum<\/strong><\/p>\n<p>Verantwortlich f\u00fcr den textlichen und grafischen Inhalt,soweit nicht anders gekenntzeichnet ist Blackmoonrose.de Kontakt\/Adressendetails k\u00f6nnen jeder Zeit via Mail erfragt werden.<br \/>\n<strong>E-mail :<\/strong> sunny@blackmoonrose.de<\/p>\n<p><strong>Copyright<\/strong><br \/>\nJegliche Vervielf\u00e4ltigung,Ver\u00f6ffentlichung,sowie Bearbeitung oder Verarbeitung egal welcher Form,bedarf der ausdr\u00fccklichen schriftlichen Zustimmung der Betreiberin dieser Seiten. Andernfalls werden rechtliche Konsequenzen folgen. Soweit nicht anders gekennzeichnet,werden ausschlie\u00dflich eigene Bilder verwendet.<\/p>\n<p><strong>Verweise und Links<\/strong><br \/>\nTrotz sorf\u00e4ltiger Auswahl kann f\u00fcr verlinkte Seiten keinerlei Garantie \u00fcber deren Inhalt gegeben werden. Daf\u00fcr sind ausschlie\u00dflich die jeweiligen Betreiber f\u00fcr verantwortlich zu machen.Ich distanziere mich von jeglichen Inhalten.<\/p>\n<p><strong>Kontakt<\/strong><br \/>\n<strong>ICQ : <\/strong>395392518<br \/>\n<strong>Jabber:<\/strong> Blackmoon@jabber.org<\/p>\n","protected":false},"excerpt":{"rendered":"<p>Impressum Verantwortlich f\u00fcr den textlichen und grafischen Inhalt,soweit nicht anders gekenntzeichnet ist Blackmoonrose.de Kontakt\/Adressendetails k\u00f6nnen jeder Zeit via Mail erfragt werden. E-mail : sunny@blackmoonrose.de Copyright Jegliche Vervielf\u00e4ltigung,Ver\u00f6ffentlichung,sowie Bearbeitung oder Verarbeitung egal welcher Form,bedarf der ausdr\u00fccklichen schriftlichen Zustimmung der Betreiberin dieser Seiten. Andernfalls werden rechtliche Konsequenzen folgen. Soweit nicht anders gekennzeichnet,werden ausschlie\u00dflich eigene Bilder verwendet. Verweise &hellip; <\/p>\n","protected":false},"author":1,"featured_media":0,"parent":0,"menu_order":0,"comment_status":"closed","ping_status":"closed","template":"","meta":{"footnotes":""},"class_list":["post-2347","page","type-page","status-publish","hentry"],"_links":{"self":[{"href":"https:\/\/www.blackmoonrose.de\/index.php?rest_route=\/wp\/v2\/pages\/2347","targetHints":{"allow":["GET"]}}],"collection":[{"href":"https:\/\/www.blackmoonrose.de\/index.php?rest_route=\/wp\/v2\/pages"}],"about":[{"href":"https:\/\/www.blackmoonrose.de\/index.php?rest_route=\/wp\/v2\/types\/page"}],"author":[{"embeddable":true,"href":"https:\/\/www.blackmoonrose.de\/index.php?rest_route=\/wp\/v2\/users\/1"}],"replies":[{"embeddable":true,"href":"https:\/\/www.blackmoonrose.de\/index.php?rest_route=%2Fwp%2Fv2%2Fcomments&post=2347"}],"version-history":[{"count":6,"href":"https:\/\/www.blackmoonrose.de\/index.php?rest_route=\/wp\/v2\/pages\/2347\/revisions"}],"predecessor-version":[{"id":7448,"href":"https:\/\/www.blackmoonrose.de\/index.php?rest_route=\/wp\/v2\/pages\/2347\/revisions\/7448"}],"wp:attachment":[{"href":"https:\/\/www.blackmoonrose.de\/index.php?rest_route=%2Fwp%2Fv2%2Fmedia&parent=2347"}],"curies":[{"name":"wp","href":"https:\/\/api.w.org\/{rel}","templated":true}]}}