{"id":3096,"date":"2014-01-05T13:55:44","date_gmt":"2014-01-05T12:55:44","guid":{"rendered":"http:\/\/www.blackmoonrose.de\/?page_id=3096"},"modified":"2023-07-14T06:01:07","modified_gmt":"2023-07-14T04:01:07","slug":"monster","status":"publish","type":"page","link":"https:\/\/www.blackmoonrose.de\/?page_id=3096","title":{"rendered":"Fellmonster"},"content":{"rendered":"<p style=\"text-align: justify;\"><strong>Merle<\/strong> (the tiny one)<br \/>\n<a href=\"http:\/\/www.blackmoonrose.de\/wp-content\/uploads\/2019\/07\/IMG_6991-3.jpg\"><img loading=\"lazy\" decoding=\"async\" class=\"alignleft wp-image-9242 size-medium\" style=\"margin-bottom: 5px; margin-right: 5px;\" src=\"http:\/\/www.blackmoonrose.de\/wp-content\/uploads\/2019\/07\/IMG_6991-3-200x300.jpg\" alt=\"\" width=\"200\" height=\"300\" srcset=\"https:\/\/www.blackmoonrose.de\/wp-content\/uploads\/2019\/07\/IMG_6991-3-200x300.jpg 200w, https:\/\/www.blackmoonrose.de\/wp-content\/uploads\/2019\/07\/IMG_6991-3.jpg 600w\" sizes=\"auto, (max-width: 200px) 100vw, 200px\" \/><\/a>Sie ist und bleibt Ian\u00b4s kleine Schwester. Nachdem sie am 23.06.2014 super mini winzig einzog,schnappte sich das Pumpkin den Winzling sofort und danach waren die zwei quasie unzertrennlich \ud83d\ude42 Geboren ist sie im 01. Mai des gleichen Jahres ca. Es hie\u00df zwar das sie 12 Wochen und vom M\u00e4rz sei,aber sie war eindeutig j\u00fcnger. Aufgrund ihrer Winzigkeit hatte sie sehr schnell den Beinamen &#8220;Tiny&#8221; weg. Erg\u00e4nzt wird das ganze gerne auch noch durch &#8220;Kr\u00f6te&#8221; &#8220;Zicke&#8221; &#8220;Madammchen&#8221; &#8220;R\u00fcbe&#8221; &#8220;Zuckermaus&#8221; &#8220;Schn\u00fcppe&#8221; &#8220;olle Trulla&#8221; o.\u00e4 ^^<br \/>\nMerle ist frech. Punkt. Und sie hat einen riesigen Dicksch\u00e4del. Egal um was es geht,wenn Madame es nicht will,dann will sie nicht. Da diskutiert sie auch \u00fcberhaupt nicht. Hunde mag sie auch \u00fcberhaupt nicht. Was wir leider mehr als deutlich gemerkt haben &#8230; Sofawolfadoption 2018 ist an ihr gescheitert. Da stellte sie -als auf dem Schrank wohnen nichts half- einfach mal das Futtern ein und setzte so ihren kleinen Dickkopf durch. Bevor ich eine Katze verhungern lasse &#8230; man kennt das ja \ud83d\ude42<br \/>\nDa ist sie auch leider total Diva. Gefuttert werden nur ein paar ausgew\u00e4hlte Dinge und das meistens auch nicht viel. Dabei kennt sie von klein an eigentlich alles und hat zu Anfang auch alles genommen. Irgendwann ist das leider gekippt und sie verweigerte alles. Da kann sie ziemlich hardcore sein und frisst lieber Tage \u00fcberhaupt nichts als etwas anzur\u00fchren was ihr nicht in den Kram passt.<br \/>\nSonst ist sie ein fr\u00f6hliches,freundliches,vorsichtiges,kleines Katzenm\u00e4del was gern Hummeln im Hintern hat,wie ein Eichh\u00f6rnchen durch die Gegend geht und die Katers auf Trapp h\u00e4lt. Zickenlaunen gibt es nat\u00fcrlich auch. Dann wird gefaucht und gebrummelt ^^\u00a0 Zu Menschen ist sie generell erst einmal vorsichtig aufgeschlossen und nicht scheu. Schnappen und auf den Arm ist nicht ihr Ding. Wenn dann hockt sie lieber auf der Schulter und l\u00e4sst sich so durch die Gegend tragen. Wenn ich koche,guckt sie mir in der Position auch am liebsten zu.\u00a0 Und schlafen,am liebsten entweder mit unter der Decke angekuschelt oder zwischen\/an den Beinen eingerollt. Ist der Bequemlichkeit f\u00fcr Mensch nicht ganz zutr\u00e4glich,aber hauptsache Katz hat es bequem oder wie war das ?! \ud83d\ude42<\/p>\n<p><strong>Samu &amp; Rufus <\/strong>(die unzertrennlichen Rabauken)<br \/>\n<a href=\"https:\/\/www.blackmoonrose.de\/wp-content\/uploads\/2023\/07\/20230309_090809.jpg\"><img loading=\"lazy\" decoding=\"async\" class=\"alignright wp-image-13131 size-medium\" style=\"margin-top: 2px; margin-bottom: 5px; margin-left: 2px;\" src=\"https:\/\/www.blackmoonrose.de\/wp-content\/uploads\/2023\/07\/20230309_090809-225x300.jpg\" alt=\"\" width=\"225\" height=\"300\" srcset=\"https:\/\/www.blackmoonrose.de\/wp-content\/uploads\/2023\/07\/20230309_090809-225x300.jpg 225w, https:\/\/www.blackmoonrose.de\/wp-content\/uploads\/2023\/07\/20230309_090809.jpg 674w\" sizes=\"auto, (max-width: 225px) 100vw, 225px\" \/><\/a>Urspr\u00fcnglich sind sie von Griechenland eingewandert. Dort sind sie im Juli 2017 geboren und 3-4 Wochen sp\u00e4ter neben ihrer vergifteten Mama und Geschwistern aufgelesen worden. Hier in Deutschland sa\u00dfen sie lange auf einer Pflegestelle Richtung Minden\/Hannover ,wo wir sie am 02.12.2018 auch eingesammelt haben.Beide haben einen Schlag Orientalisch Kurzhaar abbekommen.\u00a0 Einzelnd w\u00e4ren sie nicht zu haben gewesen (sonst h\u00e4tte es nie zwei gegeben) wer sie sieht wei\u00df auch das nicht zusammen keine L\u00f6sung gewesen w\u00e4re \ud83d\ude09 Im Doppelpack sind sie einfach nur absolut cute (auch wenn mal ordentlich die Fetzen fliegen k\u00f6nnen) Aber zwei Halbstarke bedeutet auch doppelt so viel Bl\u00f6dsinn. Sprich,ich hab zur Zeit weder Deko noch Blumen stehen. Da sie wirklich ALLES abger\u00e4umt haben und auch einiges kaputt gemacht haben. Bin da aber vorsichtig optimistisch das sich das in absehbarer Zeit legt ^^<br \/>\n<strong><br \/>\nSamu <\/strong>(Monkey)<strong><br \/>\n<\/strong> <a href=\"http:\/\/www.blackmoonrose.de\/wp-content\/uploads\/2019\/07\/IMG_6916.jpg\"><img loading=\"lazy\" decoding=\"async\" class=\"alignleft wp-image-9240 size-medium\" style=\"margin-bottom: 4px; margin-right: 5px;\" src=\"http:\/\/www.blackmoonrose.de\/wp-content\/uploads\/2019\/07\/IMG_6916-300x169.jpg\" alt=\"\" width=\"300\" height=\"169\" srcset=\"https:\/\/www.blackmoonrose.de\/wp-content\/uploads\/2019\/07\/IMG_6916-300x169.jpg 300w, https:\/\/www.blackmoonrose.de\/wp-content\/uploads\/2019\/07\/IMG_6916-768x432.jpg 768w, https:\/\/www.blackmoonrose.de\/wp-content\/uploads\/2019\/07\/IMG_6916-700x394.jpg 700w, https:\/\/www.blackmoonrose.de\/wp-content\/uploads\/2019\/07\/IMG_6916.jpg 900w\" sizes=\"auto, (max-width: 300px) 100vw, 300px\" \/><\/a>Er war zun\u00e4chst der zug\u00e4nglichere von beiden. Auch wenn beide am Umzug gut zu knabbern hatten. Er lies sich aber schnell anfassen,rannte neugierig und schnurrend durch die Gegend,wirkte unbedarfter und ein klein wenig tollpatschig.<br \/>\nSo ist er auch immer noch. Leicht tapsig,denkt nicht viel nach was er tut,verfressen\u00a0 Er ist ziemlich kommunikativ und br\u00fcllt gern mal durch die halbe Wohnung wenn er irgendwas mitteilen m\u00f6chte oder seinen Bruder sucht. Uhrzeit ist da relativ egal Oo ^^\u00a0 Sein Liebling ist die Spielangel und Kartons. Daf\u00fcr l\u00e4sst er alles stehen und liegen. Kartons werden gerupft und durch die Gegend geschoben. Egal wie gro\u00df oder klein,er sitzt zuerst drin. K\u00fcche und Balkon\/Gartendinge sind genauso spannend. Kochen ohne ihn geht gar nicht. Samu liegt meist immer auf einem der K\u00fcchenst\u00fchle und will mit bei sein. Pflanzen werden gestaubsaugt. Genau wie Rufus wei\u00df er nicht so wirklich das er Fleischfresser und kein Vegetarier ist. Renner sind M\u00f6hrchen und Kartoffeln. Was Katzenfutter angeht ist er ein klein wenig weniger anspruchsvoll &#8230; er probiert wenigstens. Aber man muss echt Gl\u00fcck haben was zu erwischen,was er nimmt. Am liebsten w\u00fcrde er n\u00e4mlich Fisch essen. Da beide aber leider mit D\u00fcnnfiff reagieren,bekommen sie das nat\u00fcrlich nicht.<br \/>\n<a href=\"http:\/\/www.blackmoonrose.de\/wp-content\/uploads\/2019\/07\/IMG_6942.jpg\"><img loading=\"lazy\" decoding=\"async\" class=\"alignright wp-image-9241 size-medium\" style=\"margin-bottom: 5px; margin-left: 5px;\" src=\"http:\/\/www.blackmoonrose.de\/wp-content\/uploads\/2019\/07\/IMG_6942-200x300.jpg\" alt=\"\" width=\"200\" height=\"300\" srcset=\"https:\/\/www.blackmoonrose.de\/wp-content\/uploads\/2019\/07\/IMG_6942-200x300.jpg 200w, https:\/\/www.blackmoonrose.de\/wp-content\/uploads\/2019\/07\/IMG_6942.jpg 600w\" sizes=\"auto, (max-width: 200px) 100vw, 200px\" \/><\/a><strong>Rufus <\/strong>(Fuzzel\/Fuzz)<strong><br \/>\n<\/strong>Das Scheuchen der beiden und\u00a0 erster nicht zahmer Kater. Inzwischen liegt er einem schnurrend auf dem Scho\u00df und ist so \u00fcberhaupt nicht mehr scheu. Von Anfang an hat man gemerkt,eigentlich will er ganz ganz dringend streicheln,kuscheln,N\u00e4he etc.pp Aber die Angst war zu gro\u00df.<br \/>\nZun\u00e4chst hat er die ersten 2-3 Wochen vorwiegend unter unserem Sofa gewohnt. Kam zum futtern,spielen,Klo und trinken raus. Nach 1 Woche auch zum vorsichtigen erkunden.\u00a0 Aber immer wieder zur\u00fcck unter\u00b4s sichere Sofa. Was einen dazu &#8220;n\u00f6tigte&#8221; ihn komplett zun\u00e4chst zu ignorieren. Auch wenn es extrem schwer gefallen ist diesen Knopp sich nicht zu schnappen und zu kuscheln ^^ Aber so bekam sein &#8220;unerw\u00fcnschtes&#8221; (bl\u00f6der Ausdruck) Verhalten keine Best\u00e4tigung,er merkte es bedroht ihn nix und niemand,tun nichts,er konnte mit Abstand,zu seinen Regeln beobachten und machen wie er es wollte. Nat\u00fcrlich wurd er mit bespielt wenn er wollte etc. Aber sonst eben ihn nicht beachtet.\u00a0 Das zeigte auch recht schnell Wirkung,ich konnte ihm beim Futterschale hinstellen \u00fcber den R\u00fccken streichen und langsam wurd es immer mehr. Bis er irgendwann von selber auf den Scho\u00df kam,sich dort platzte und kraulen lie\u00df.<br \/>\nInzwischen ist Rufus die dickste Kuschelnase ^^ Fremde Menschen mag er erst einmal nicht und geht auf Abstand. Orientiert sich aber an Samu. Wenn er sieht,das alles ok ist,kommt er aus seinem Versteck vor und dann ist gut. Anfassen oder n\u00e4her kommen,ist aber noch nicht.<br \/>\nEr ist eigentlich ein Gutelaunekater. Ein Tacken weniger verspielt als sein Bruder,etwas stinkstiefelig kann er auch mal sein. Letzteres ist aber schon viel viel besser geworden. Mist hat er auch genug im K\u00f6pfchen. Biom\u00fcll ausr\u00e4umen und in der K\u00fcche verteilen,der Renner -.- ^^<br \/>\nZu \u00fcberh\u00f6ren ist auch Rufus nicht,er ist genauso gespr\u00e4chig,wenn nicht noch gespr\u00e4chiger wie Samu. Und das in einer nicht zu verachtenden Lautst\u00e4rke.<\/p>\n","protected":false},"excerpt":{"rendered":"<p>Merle (the tiny one) Sie ist und bleibt Ian\u00b4s kleine Schwester. Nachdem sie am 23.06.2014 super mini winzig einzog,schnappte sich das Pumpkin den Winzling sofort und danach waren die zwei quasie unzertrennlich \ud83d\ude42 Geboren ist sie im 01. Mai des gleichen Jahres ca. Es hie\u00df zwar das sie 12 Wochen und vom M\u00e4rz sei,aber sie &hellip; <\/p>\n","protected":false},"author":1,"featured_media":0,"parent":0,"menu_order":0,"comment_status":"closed","ping_status":"closed","template":"","meta":{"footnotes":""},"class_list":["post-3096","page","type-page","status-publish","hentry"],"_links":{"self":[{"href":"https:\/\/www.blackmoonrose.de\/index.php?rest_route=\/wp\/v2\/pages\/3096","targetHints":{"allow":["GET"]}}],"collection":[{"href":"https:\/\/www.blackmoonrose.de\/index.php?rest_route=\/wp\/v2\/pages"}],"about":[{"href":"https:\/\/www.blackmoonrose.de\/index.php?rest_route=\/wp\/v2\/types\/page"}],"author":[{"embeddable":true,"href":"https:\/\/www.blackmoonrose.de\/index.php?rest_route=\/wp\/v2\/users\/1"}],"replies":[{"embeddable":true,"href":"https:\/\/www.blackmoonrose.de\/index.php?rest_route=%2Fwp%2Fv2%2Fcomments&post=3096"}],"version-history":[{"count":33,"href":"https:\/\/www.blackmoonrose.de\/index.php?rest_route=\/wp\/v2\/pages\/3096\/revisions"}],"predecessor-version":[{"id":13134,"href":"https:\/\/www.blackmoonrose.de\/index.php?rest_route=\/wp\/v2\/pages\/3096\/revisions\/13134"}],"wp:attachment":[{"href":"https:\/\/www.blackmoonrose.de\/index.php?rest_route=%2Fwp%2Fv2%2Fmedia&parent=3096"}],"curies":[{"name":"wp","href":"https:\/\/api.w.org\/{rel}","templated":true}]}}