{"id":8067,"date":"2018-10-26T05:09:52","date_gmt":"2018-10-26T03:09:52","guid":{"rendered":"http:\/\/www.blackmoonrose.de\/?page_id=8067"},"modified":"2022-05-31T11:54:00","modified_gmt":"2022-05-31T09:54:00","slug":"rainbow","status":"publish","type":"page","link":"https:\/\/www.blackmoonrose.de\/?page_id=8067","title":{"rendered":"Rainbow"},"content":{"rendered":"<p><strong>Sam<\/strong>\u00a0(Chefnase) (28.04.2001 \u2013 05.12.2012)<br \/>\n<a href=\"https:\/\/www.blackmoonrose.de\/wp-content\/uploads\/2014\/01\/IMG_2222.jpg\" rel=\"fancybox\"><img loading=\"lazy\" decoding=\"async\" class=\"wp-image-3103 size-medium alignleft\" src=\"https:\/\/www.blackmoonrose.de\/wp-content\/uploads\/2014\/01\/IMG_2222-300x216.jpg\" alt=\"\" width=\"300\" height=\"216\" srcset=\"https:\/\/www.blackmoonrose.de\/wp-content\/uploads\/2014\/01\/IMG_2222-300x216.jpg 300w, https:\/\/www.blackmoonrose.de\/wp-content\/uploads\/2014\/01\/IMG_2222.jpg 800w\" sizes=\"auto, (max-width: 300px) 100vw, 300px\" \/><\/a>Der Muck zog als erster im Sommer 2001 ein. Geboren wurde er am 28.04. im gleichen Jahr um Kassel rum und Ziehpapa von Momo.<br \/>\nEr war eindeutig der Chef hier und benahm sich auch so. Querkopf ohne Frage,wenn ihm was nicht passte zeigte er das auch mehr als deutlich,egal ob Mensch oder Katze ^^ Da musste man schon aufpassen das man fix mit den Fingern war. 10 Minuten streicheln und im gleichen Zug hatte man eine sitzen wenn ihm danach war\u00a0<img decoding=\"async\" class=\"wp-smiley\" src=\"http:\/\/www.blackmoonrose.de\/wp-includes\/images\/smilies\/wink.png\" alt=\";)\" \/>\u00a0Aber das Herz am rechten Fleck \u2026 er war ein riesen Schatz und der beste Kater den man sich w\u00fcnschen konnte. Trotz oder gerade wegen seiner Marotten,Macken,Ecken und Kanten. Er liebte es einem ein Schnitzel ans Ohr zu labern,Kabel durchbei\u00dfen\u00a0<img decoding=\"async\" class=\"wp-smiley\" src=\"http:\/\/www.blackmoonrose.de\/wp-includes\/images\/smilies\/shit.png\" alt=\"-.-\" \/>M\u00e4usschen\/Spielw\u00fcrmchen jagen \u00fcber 2-3 Stunden war auch immer super und gern gesehen. Entweder alleine oder er brachte es angeschleppt,das man werfen sollte. Trotz seiner 11 Jahre ist er immer ein kleiner halbstarker Kindskopf geblieben. Wobei dies in der Nacht gepaart mit Momo dann schon mal ein kleiner Alptraum werden konnte. 2 Jungs die der Meinung sind das Schlaf definitiv \u00fcberbewertet wird \u2026 und wenn man dann entr\u00fcstet aufstand,legten sich die Herren pennen. Danke aber auch ^^<br \/>\nNein,so ein Drama hab ich mir f\u00fcr den Muck am Ende echt nicht gew\u00fcnscht. Hab ihn immer als Piratenopakater mit Knickohr auf dem Sessel mit 18 Jahren einschlafen gesehen. In der letzten Novemberwoche 2012 bekam der kleine Macho eine Beule an der Schn\u00fct,worauf er umgehend zum Tierarzt wanderte. Da er nicht ganz so kooperativ war,die Vermutung nahelag das ein Zahn \u00c4rger macht,bekam er einen OP-Termin f\u00fcr ein paar Tage sp\u00e4ter. Vorrausgegangen war ein Jahr mit X Terminen,da irgendwas offensichtlich nicht stimmte. Er spuckte phasenweise f\u00fcr ein paar Tage,dann war wieder 1-2 Wochen Ruhe &#8230; und das wiederholte sich in Abst\u00e4nden. Doch gefunden wurd nichts.<br \/>\nDer Eingriff war f\u00fcr fr\u00fchen Mittag am 05.12.2012 angesetzt,die \u00c4rztin wollte sich melden wenn sie fertig w\u00e4ren. Allerdings klingelte das Telefon viel zu fr\u00fch. Sie hatte einen aggressiven wuchernden Tumor im Kiefer gefunden. Wir lie\u00dfen Sam nicht mehr aufwachen.<\/p>\n<p><strong>Jule\u00a0<\/strong>(Zicke vom Dienst) (05.05.2002 \u2013 26.04.2014)<br \/>\n<a href=\"https:\/\/www.blackmoonrose.de\/wp-content\/uploads\/2014\/01\/IMG_2867.jpg\" rel=\"fancybox\"><img loading=\"lazy\" decoding=\"async\" class=\"wp-image-3094 size-medium alignleft\" src=\"https:\/\/www.blackmoonrose.de\/wp-content\/uploads\/2014\/01\/IMG_2867-300x211.jpg\" alt=\"\" width=\"300\" height=\"211\" srcset=\"https:\/\/www.blackmoonrose.de\/wp-content\/uploads\/2014\/01\/IMG_2867-300x211.jpg 300w, https:\/\/www.blackmoonrose.de\/wp-content\/uploads\/2014\/01\/IMG_2867.jpg 800w\" sizes=\"auto, (max-width: 300px) 100vw, 300px\" \/><\/a>Juleana,oder eben kurz Jule\/Julchen (auch gern mal Eule,Maus,Ziiiiiiege,Madame genannt) ist 2002 zu mir gekommen und im Mai selbigen Jahres geboren. Die Dame war bunt getigert und etwas kleinw\u00fcchsig .<br \/>\nAnsich war der Plan das sie Sam bei Freig\u00e4ngen Gesellschaft leistet,aber sie hat sich anders entschieden und wollte absolut nicht raus,sondern war mit einem Platz am Fenster,st\u00f6bern auf Balkon oder Terrasse v\u00f6llig zufrieden.<br \/>\nSie ist eine Nase die man kaum gemerkt hat,sehr ruhig ist im Allgemein (konnte aber gern auch mal anders^^) vertr\u00e4glich,unkompliziert,allerdings auch sehr zickig wenn\u00b4s sein muss,Schalk im Nacken. Aber zu Menschen immer freundlich-zur\u00fcckhaltend. Mit den zwei Katern verstand sie sich ansich gut \u2026 sobald sie die Schnut voll hatte,ging\u00a0 sie halt anstatt sich gro\u00dfartig anzulegen.<br \/>\nJule hatte einen absoluten Wollfetisch und quatschte\u00a0 mir gern mal das ein oder andere Kleidungsst\u00fcck ab. Bevorzugt sch\u00f6ne gro\u00dfe Kuschelpullis aus 100% reiner unbehandelter Wolle oder auch Strickjacken. Ebenso war sie ein Kistentier \u2026. kein Karton oder Korb oder H\u00f6hle\u00a0 war klein genug,schwubb quetschte sie sich da irgendwie rein und war\u00a0 lecker zufrieden.<br \/>\nIm Oktober 2013\u00a0 zeigte sie diffuse Symptome einer Ohrentz\u00fcndung und wurde behandelt. Am 1.12 klappte sie mit Vestibularsyndrom zusammen,musste in einer Nacht und Nebelaktion in die Tierklinik,wo sie zun\u00e4chst ein R\u00e4tsel war. Und keiner so recht wusste was los war. 10 Tage sp\u00e4ter wurde sie als kleiner\/gro\u00dfer Pflegefall entlassen und nat\u00fcrlich liebevoll aufgep\u00e4ppelt. Im Januar kam eine Bauchspeicheldr\u00fcsenentz\u00fcndung dazu,noch einmal Klinik -.- Wo dann ENDLICH feststand was los war. Sie hatte ein Lymphom was schon gestreut hatte. Die Maus blieb noch so lange sie wollte und konnte. Am 26.04.2014 ist sie dann gegangen.<\/p>\n<p><strong>Ian<\/strong>\u00a0(der schreckliche Pumpkin 15.06.2012 \u2013 09.10.2018)<br \/>\n<a href=\"https:\/\/www.blackmoonrose.de\/wp-content\/uploads\/2015\/07\/ian.jpg\" rel=\"fancybox\"><img loading=\"lazy\" decoding=\"async\" class=\"alignleft wp-image-3960 size-medium\" src=\"https:\/\/www.blackmoonrose.de\/wp-content\/uploads\/2015\/07\/ian-199x300.jpg\" alt=\"\" width=\"199\" height=\"300\" srcset=\"https:\/\/www.blackmoonrose.de\/wp-content\/uploads\/2015\/07\/ian-199x300.jpg 199w, https:\/\/www.blackmoonrose.de\/wp-content\/uploads\/2015\/07\/ian.jpg 637w\" sizes=\"auto, (max-width: 199px) 100vw, 199px\" \/><\/a>Das Cute zog im Juni 2013 hier ein,geboren wurde er allerdings am 15.06.2012 und kommt aus dem gleichen Tierheim wie Momo.<br \/>\nKernaussage \u00fcber ihn ist wohl \u201cwenn er nicht soooo s\u00fc\u00df w\u00e4re\u2026.\u201d h\u00e4tte man ihn schon 10 Mal vor die T\u00fcre gesetzt ^^ Ian hat wirklich nix als Bl\u00f6dsinn im Dicksch\u00e4del und da ist absolut NICHTS sicher. Noch schlimmer ansich ist,wenn man schimpft will er knutschen. Da kann man nicht mehr sauer sein.\u00a0 Seine Macke mit Klamotten fressen wollen ist im Griff. Inzwischen l\u00e4sst er sich am Spielgeier aus und ist damit lecker zufrieden.<br \/>\nIan hat IMMER hunger und hat dann gleich immer furchbares Drama *g* Ist ja nicht so das er nicht genug bek\u00e4me,er meint nur immer es ist zu wenig und das er eine halbe Stunde nachdem der volle Napf leer ist,Nachschlag haben k\u00f6nnte ^^ Lieblingsfutter ist demnach auch so ziemlich alles.<br \/>\nDas Kerlchen ist leider ein kleiner Montagskater und chronisch krank. Was letztendlich genau mit ihm los ist wei\u00df keiner,da nie etwas gefunden wurde. Aber das beeindruckt ihn zum Gl\u00fcck recht wenig. Selbstbewustsein in der Person,extrem geduldig \u2026 mit ihm kann man im Grunde alles machen (was vorteilhaft ist f\u00fcr Medikamente,Tierarzt und Co ^^) Wenn er mal die Schn\u00fct voll hat,zeigt er\u00b4s und dann hat man halt schon mal eine sitzen. Ist aber extrem selten \u2026 Er ist auch \u00fcberhaupt kein bisschen aggressiv und extremst sozial.\u00a0 Nur wenn\u00b4s mit Momo hier mal durch die Gegend geht,dann kann er durchaus mal ein riesen Ar*** sein.\u00a0 Kater unter sich halt\u00a0<img decoding=\"async\" class=\"wp-smiley\" src=\"http:\/\/www.blackmoonrose.de\/wp-includes\/images\/smilies\/wink.png\" alt=\";)\" \/><br \/>\nNun reiht sich das Pumpkinbaby hier auch ein -.- Da war man dem Trugschlu\u00df aufgesessen,er w\u00e4re stabil. 3 Jahre kein Drama,kein Tierarzt (abgesehen von den bl\u00f6den Giardien,Impftermin ) keine Verschlechterung,keine Infekte,kein nichts.\u00a0 Mit einem Mal musste die Lunge aufgeben. Ob es jetzt wirklich ein Asthma war oder nicht doch ein chronischer Verlauf von Fibrose (woher h\u00e4tte selbige sonst so spontan kommen sollen,ohne das er eine merkliche,dauerhafte Verschlechterung zeigt) die als Asthma fehlgedeutet wurde, wer wei\u00df es. Er war der einzigste Kater,der zeigte wenn er krank war,sich nicht f\u00fchlte o.\u00e4 Und er war ja anfangs oft krank. Entsprechend h\u00e4tte man es gemerkt,wenn sich l\u00e4nger was zusammengebraut h\u00e4tte. Ian war dann wie ein kleines Kind. Wollte nur noch kuscheln,bet\u00fcddelt werden,wenn Futter ging,dann wollte er von Hand gef\u00fcttert werden usw.<br \/>\nAm Mittag vom 07.10 bekam er mit einem Schlag keine Luft mehr,baute ganz rapide ab und es ging quasi mit &#8220;Blaulicht&#8221; zum \u00f6rtlichen Notdienst. Dort gab ein Cortisondepot f\u00fcr 1 Woche gespritzt und R\u00f6ntgen. Zun\u00e4chst erholte er sich den Nachmittag wieder,bis das es zum Abend hin wieder schlechter wurde und er nach Bielefeld in die Tierklinik musste um eine Sauerstoffbox zu haben. Montag hie\u00df es erst noch Winzhoffnung,er atme besser,Blutbild,Antibiotika etc. CT wollten wir machen lassen,wenn er auf die Behandlung ansprach um Tumor ausschlie\u00dfen zu lassen. Dazu kam es aber nicht mehr. Als ich am Dienstag mit der \u00c4rztin telefonierte,war er schlechter geworden,kam ohne Sauerstoff nicht mehr zurecht und alles andere w\u00e4re eine nicht mehr vertretbare Qu\u00e4lerrei gewesen.<br \/>\nDas Pumpkin schlief\u00a0 am 09.10.2018 ein und hat nun einen Platz mit Ausblick \u00fcber den Garten.<\/p>\n<p><strong>Momo<\/strong> (Kampfkuschler vom Dienst) (14.04.2007 &#8211; 19.11.2021)<br \/>\n<a href=\"http:\/\/www.blackmoonrose.de\/wp-content\/uploads\/2014\/01\/m\u00f6ms.jpg\"><img loading=\"lazy\" decoding=\"async\" class=\"alignleft wp-image-4257 size-medium\" src=\"http:\/\/www.blackmoonrose.de\/wp-content\/uploads\/2014\/01\/m\u00f6ms-202x300.jpg\" alt=\"\" width=\"202\" height=\"300\" srcset=\"https:\/\/www.blackmoonrose.de\/wp-content\/uploads\/2014\/01\/m\u00f6ms-202x300.jpg 202w, https:\/\/www.blackmoonrose.de\/wp-content\/uploads\/2014\/01\/m\u00f6ms.jpg 645w\" sizes=\"auto, (max-width: 202px) 100vw, 202px\" \/><\/a>Momo zog im Sommer 2007 ein und wurde im gleichen Jahr am 14ten April geboren. Er stammt (wie der Rest auch) aus dem Tierschutz und in dem Fall aus einer liebevollen Pflegestelle des Tierheims B\u00fcnde\/Herford. Aus unverst\u00e4ndlichen Gr\u00fcnden war Momo Restbestand. Er ist ein schwarz-brauner BKH\/Hauskatzen-Mix glich am Anfang eher einem explodierten Flokati hat 4 wei\u00dfe &#8220;Kampfhaare&#8221; auf der Brust,einen versteckten Tiger am Bauch und Ziehsohn von Sam.<br \/>\nMomo will im Grunde nur kuscheln ^^ H\u00e4lt gerne seinen Mittagsd\u00f6s auf meinem Scho\u00df eingerollt so das man zu nix mehr kommt,mag es aber \u00fcberhaupt nicht auf den Arm genommen zu werden. Ist sehr anh\u00e4nglich,h\u00e4ngt einem oft nur am Fu\u00df,gurrt wie bekloppt durch die Gegend (insbesondere wenn\u00b4s um Kekse geht) hat das Aggressionspotential von einem Floh (kann aber auch anders wenn er m\u00f6chte)\u00a0 Besuch bekommt ihn gar nicht zu Gesicht &#8230; nur 2-3 Auserw\u00e4hlten zeigt er sich und l\u00e4sst sich von denen auch streicheln.\u00a0 Wie der Rest ist er ein Stubenkater. Drau\u00dfen ist so \u00fcberhaupt nichts f\u00fcr ihn. Inzwischen kommt er mal mit auf den Balkon Blumen gie\u00dfen,aber ist da auch eher vorsichtig. Lieber Fensterplatz und Tauben,Eichh\u00f6rnchen und Co beobachten.<br \/>\nSchlafen darf man in seinen Augen eher weniger. Wenn er kuscheln will dann stubst er einen so lange ins Gesicht oder steckt einem seine Nase ins Ohr,bis man wach ist und er sich dazu legen kann.<br \/>\nMoms ist ein kleiner flauschiger Dramakater. Er l\u00e4sst sich nichts machen. Schm\u00fc am Auge darf ich inzwischen mal wegmachen,auch \u00d6hrchen gucken. Aber Krallen schnibbeln o.\u00e4 Ne. Ganz schlimm wird\u00b4s wenn er doch mal Medizin brauch. Dann hab ich meine H\u00e4nde voll mit ihm. Tierarztbesuche sind entsprechend doof. Box ist noch ok,wenn er erst einmal drin ist (was auch so eine Geschichte ist) Aber beim Doc wird sich dann das Handtuch \u00fcber\u00b4n Kopf gezogen und er will nur noch nach Hause ^^ Aber manchmal l\u00e4sst sich das halt nicht vermeiden. Zumal er seit er 6 Jahre alt ist,Probleme mit den Nieren hat. Die sind mit entsprechendem Futter zwar im Griff,aber ab und an Kontrolle muss sein.<\/p>\n<p>Nach 14 1\/2 Jahren mussten wir ihn leider mit spontanem Leberversagen gehen lassen -.-<\/p>\n","protected":false},"excerpt":{"rendered":"<p>Sam\u00a0(Chefnase) (28.04.2001 \u2013 05.12.2012) Der Muck zog als erster im Sommer 2001 ein. Geboren wurde er am 28.04. im gleichen Jahr um Kassel rum und Ziehpapa von Momo. Er war eindeutig der Chef hier und benahm sich auch so. Querkopf ohne Frage,wenn ihm was nicht passte zeigte er das auch mehr als deutlich,egal ob Mensch &hellip; <\/p>\n","protected":false},"author":1,"featured_media":0,"parent":0,"menu_order":0,"comment_status":"closed","ping_status":"closed","template":"","meta":{"footnotes":""},"class_list":["post-8067","page","type-page","status-publish","hentry"],"_links":{"self":[{"href":"https:\/\/www.blackmoonrose.de\/index.php?rest_route=\/wp\/v2\/pages\/8067","targetHints":{"allow":["GET"]}}],"collection":[{"href":"https:\/\/www.blackmoonrose.de\/index.php?rest_route=\/wp\/v2\/pages"}],"about":[{"href":"https:\/\/www.blackmoonrose.de\/index.php?rest_route=\/wp\/v2\/types\/page"}],"author":[{"embeddable":true,"href":"https:\/\/www.blackmoonrose.de\/index.php?rest_route=\/wp\/v2\/users\/1"}],"replies":[{"embeddable":true,"href":"https:\/\/www.blackmoonrose.de\/index.php?rest_route=%2Fwp%2Fv2%2Fcomments&post=8067"}],"version-history":[{"count":5,"href":"https:\/\/www.blackmoonrose.de\/index.php?rest_route=\/wp\/v2\/pages\/8067\/revisions"}],"predecessor-version":[{"id":12549,"href":"https:\/\/www.blackmoonrose.de\/index.php?rest_route=\/wp\/v2\/pages\/8067\/revisions\/12549"}],"wp:attachment":[{"href":"https:\/\/www.blackmoonrose.de\/index.php?rest_route=%2Fwp%2Fv2%2Fmedia&parent=8067"}],"curies":[{"name":"wp","href":"https:\/\/api.w.org\/{rel}","templated":true}]}}