{"id":8910,"date":"2019-04-18T10:15:52","date_gmt":"2019-04-18T08:15:52","guid":{"rendered":"http:\/\/www.blackmoonrose.de\/?page_id=8910"},"modified":"2021-03-29T04:50:22","modified_gmt":"2021-03-29T02:50:22","slug":"sam","status":"publish","type":"page","link":"https:\/\/www.blackmoonrose.de\/?page_id=8910","title":{"rendered":"Sam"},"content":{"rendered":"<p><strong>Sam<\/strong>\u00a0(Chefnase) (28.04.2001 \u2013 05.12.2012)<br \/>\n<a href=\"http:\/\/www.blackmoonrose.de\/wp-content\/uploads\/2014\/01\/IMG_2222.jpg\" rel=\"fancybox\"><img loading=\"lazy\" decoding=\"async\" class=\"alignleft wp-image-3103 size-medium\" src=\"https:\/\/www.blackmoonrose.de\/wp-content\/uploads\/2014\/01\/IMG_2222-300x216.jpg\" alt=\"IMG_2222\" width=\"300\" height=\"216\" srcset=\"https:\/\/www.blackmoonrose.de\/wp-content\/uploads\/2014\/01\/IMG_2222-300x216.jpg 300w, https:\/\/www.blackmoonrose.de\/wp-content\/uploads\/2014\/01\/IMG_2222.jpg 800w\" sizes=\"auto, (max-width: 300px) 100vw, 300px\" \/><\/a>Der Muck zog als erster im Sommer 2001 ein. Geboren wurde er am 28.04. im gleichen Jahr um Kassel rum und Ziehpapa von Momo.<br \/>\nEr war eindeutig der Chef hier und benahm sich auch so. Querkopf ohne Frage,wenn ihm was nicht passte zeigte er das auch mehr als deutlich,egal ob Mensch oder Katze ^^ Da musste man schon aufpassen das man fix mit den Fingern war. 10 Minuten streicheln und im gleichen Zug hatte man eine sitzen wenn ihm danach war\u00a0<img decoding=\"async\" class=\"wp-smiley\" src=\"http:\/\/www.blackmoonrose.de\/wp-includes\/images\/smilies\/wink.png\" alt=\";)\" \/>\u00a0Aber das Herz am rechten Fleck \u2026 er war ein riesen Schatz und der beste Kater den man sich w\u00fcnschen konnte. Trotz oder gerade wegen seiner Marotten,Macken,Ecken und Kanten. Er liebte es einem ein Schnitzel ans Ohr zu labern,Kabel durchbei\u00dfen\u00a0<img decoding=\"async\" class=\"wp-smiley\" src=\"http:\/\/www.blackmoonrose.de\/wp-includes\/images\/smilies\/shit.png\" alt=\"-.-\" \/>M\u00e4usschen\/Spielw\u00fcrmchen jagen \u00fcber 2-3 Stunden war auch immer super und gern gesehen. Entweder alleine oder er brachte es angeschleppt,das man werfen sollte. Trotz seiner 11 Jahre ist er immer ein kleiner halbstarker Kindskopf geblieben. Wobei dies in der Nacht gepaart mit Momo dann schon mal ein kleiner Alptraum werden konnte. 2 Jungs die der Meinung sind das Schlaf definitiv \u00fcberbewertet wird \u2026 und wenn man dann entr\u00fcstet aufstand,legten sich die Herren pennen. Danke aber auch ^^<br \/>\nNein,so ein Drama hab ich mir f\u00fcr den Muck am Ende echt nicht gew\u00fcnscht. Hab ihn immer als Piratenopakater mit Knickohr auf dem Sessel mit 18 Jahren einschlafen gesehen. In der letzten Novemberwoche 2012 bekam der kleine Macho eine Beule an der Schn\u00fct,worauf er umgehend zum Tierarzt wanderte. Da er nicht ganz so kooperativ war,die Vermutung nahelag das ein Zahn \u00c4rger macht,bekam er einen OP-Termin f\u00fcr ein paar Tage sp\u00e4ter. Vorrausgegangen war ein Jahr mit X Terminen,da irgendwas offensichtlich nicht stimmte. Er spuckte phasenweise f\u00fcr ein paar Tage,dann war wieder 1-2 Wochen Ruhe &#8230; und das wiederholte sich in Abst\u00e4nden. Doch gefunden wurd nichts.<br \/>\nDer Eingriff war f\u00fcr fr\u00fchen Mittag am 05.12.2012 angesetzt,die \u00c4rztin wollte sich melden wenn sie fertig w\u00e4ren. Allerdings klingelte das Telefon viel zu fr\u00fch. Sie hatte einen aggressiven wuchernden Tumor im Kiefer gefunden. Wir lie\u00dfen Sam nicht mehr aufwachen.<\/p>\n","protected":false},"excerpt":{"rendered":"<p>Sam\u00a0(Chefnase) (28.04.2001 \u2013 05.12.2012) Der Muck zog als erster im Sommer 2001 ein. Geboren wurde er am 28.04. im gleichen Jahr um Kassel rum und Ziehpapa von Momo. Er war eindeutig der Chef hier und benahm sich auch so. Querkopf ohne Frage,wenn ihm was nicht passte zeigte er das auch mehr als deutlich,egal ob Mensch &hellip; <\/p>\n","protected":false},"author":1,"featured_media":0,"parent":8067,"menu_order":0,"comment_status":"closed","ping_status":"closed","template":"","meta":{"footnotes":""},"class_list":["post-8910","page","type-page","status-publish","hentry"],"_links":{"self":[{"href":"https:\/\/www.blackmoonrose.de\/index.php?rest_route=\/wp\/v2\/pages\/8910","targetHints":{"allow":["GET"]}}],"collection":[{"href":"https:\/\/www.blackmoonrose.de\/index.php?rest_route=\/wp\/v2\/pages"}],"about":[{"href":"https:\/\/www.blackmoonrose.de\/index.php?rest_route=\/wp\/v2\/types\/page"}],"author":[{"embeddable":true,"href":"https:\/\/www.blackmoonrose.de\/index.php?rest_route=\/wp\/v2\/users\/1"}],"replies":[{"embeddable":true,"href":"https:\/\/www.blackmoonrose.de\/index.php?rest_route=%2Fwp%2Fv2%2Fcomments&post=8910"}],"version-history":[{"count":3,"href":"https:\/\/www.blackmoonrose.de\/index.php?rest_route=\/wp\/v2\/pages\/8910\/revisions"}],"predecessor-version":[{"id":12547,"href":"https:\/\/www.blackmoonrose.de\/index.php?rest_route=\/wp\/v2\/pages\/8910\/revisions\/12547"}],"up":[{"embeddable":true,"href":"https:\/\/www.blackmoonrose.de\/index.php?rest_route=\/wp\/v2\/pages\/8067"}],"wp:attachment":[{"href":"https:\/\/www.blackmoonrose.de\/index.php?rest_route=%2Fwp%2Fv2%2Fmedia&parent=8910"}],"curies":[{"name":"wp","href":"https:\/\/api.w.org\/{rel}","templated":true}]}}