{"id":8914,"date":"2019-04-18T10:18:40","date_gmt":"2019-04-18T08:18:40","guid":{"rendered":"http:\/\/www.blackmoonrose.de\/?page_id=8914"},"modified":"2021-03-29T04:49:57","modified_gmt":"2021-03-29T02:49:57","slug":"jule","status":"publish","type":"page","link":"https:\/\/www.blackmoonrose.de\/?page_id=8914","title":{"rendered":"Jule"},"content":{"rendered":"<p><strong>Jule\u00a0<\/strong>(Zicke vom Dienst) (05.05.2002 \u2013 26.04.2014)<br \/>\n<a href=\"https:\/\/www.blackmoonrose.de\/wp-content\/uploads\/2021\/03\/untitled-2.jpg\" rel=\"fancybox\"><img loading=\"lazy\" decoding=\"async\" class=\"wp-image-11406 size-medium alignleft\" src=\"https:\/\/www.blackmoonrose.de\/wp-content\/uploads\/2021\/03\/untitled-2-212x300.jpg\" alt=\"\" width=\"212\" height=\"300\" srcset=\"https:\/\/www.blackmoonrose.de\/wp-content\/uploads\/2021\/03\/untitled-2-212x300.jpg 212w, https:\/\/www.blackmoonrose.de\/wp-content\/uploads\/2021\/03\/untitled-2.jpg 565w\" sizes=\"auto, (max-width: 212px) 100vw, 212px\" \/><\/a>Juleana,oder eben kurz Jule\/Julchen (auch gern mal Eule,Maus,Ziiiiiiege,Madame genannt) ist 2002 zu mir gekommen und im Mai selbigen Jahres geboren. Die Dame war bunt getigert und etwas kleinw\u00fcchsig .<br \/>\nAnsich war der Plan das sie Sam bei Freig\u00e4ngen Gesellschaft leistet,aber sie hat sich anders entschieden und wollte absolut nicht raus,sondern war mit einem Platz am Fenster,st\u00f6bern auf Balkon oder Terrasse v\u00f6llig zufrieden.<br \/>\nSie ist eine Nase die man kaum gemerkt hat,sehr ruhig ist im Allgemein (konnte aber gern auch mal anders^^) vertr\u00e4glich,unkompliziert,allerdings auch sehr zickig wenn\u00b4s sein muss,Schalk im Nacken. Aber zu Menschen immer freundlich-zur\u00fcckhaltend. Mit den zwei Katern verstand sie sich ansich gut \u2026 sobald sie die Schnut voll hatte,ging\u00a0 sie halt anstatt sich gro\u00dfartig anzulegen.<br \/>\nJule hatte einen absoluten Wollfetisch und quatschte\u00a0 mir gern mal das ein oder andere Kleidungsst\u00fcck ab. Bevorzugt sch\u00f6ne gro\u00dfe Kuschelpullis aus 100% reiner unbehandelter Wolle oder auch Strickjacken. Ebenso war sie ein Kistentier \u2026. kein Karton oder Korb oder H\u00f6hle\u00a0 war klein genug,schwubb quetschte sie sich da irgendwie rein und war\u00a0 lecker zufrieden.<br \/>\nIm Oktober 2013\u00a0 zeigte sie diffuse Symptome einer Ohrentz\u00fcndung und wurde behandelt. Am 1.12 klappte sie mit Vestibularsyndrom zusammen,musste in einer Nacht und Nebelaktion in die Tierklinik,wo sie zun\u00e4chst ein R\u00e4tsel war. Und keiner so recht wusste was los war. 10 Tage sp\u00e4ter wurde sie als kleiner\/gro\u00dfer Pflegefall entlassen und nat\u00fcrlich liebevoll aufgep\u00e4ppelt. Im Januar kam eine Bauchspeicheldr\u00fcsenentz\u00fcndung dazu,noch einmal Klinik -.- Wo dann ENDLICH feststand was los war. Sie hatte ein Lymphom was schon gestreut hatte. Die Maus blieb noch so lange sie wollte und konnte. Am 26.04.2014 ist sie dann gegangen.<\/p>\n","protected":false},"excerpt":{"rendered":"<p>Jule\u00a0(Zicke vom Dienst) (05.05.2002 \u2013 26.04.2014) Juleana,oder eben kurz Jule\/Julchen (auch gern mal Eule,Maus,Ziiiiiiege,Madame genannt) ist 2002 zu mir gekommen und im Mai selbigen Jahres geboren. Die Dame war bunt getigert und etwas kleinw\u00fcchsig . Ansich war der Plan das sie Sam bei Freig\u00e4ngen Gesellschaft leistet,aber sie hat sich anders entschieden und wollte absolut nicht &hellip; <\/p>\n","protected":false},"author":1,"featured_media":0,"parent":8067,"menu_order":0,"comment_status":"closed","ping_status":"closed","template":"","meta":{"footnotes":""},"class_list":["post-8914","page","type-page","status-publish","hentry"],"_links":{"self":[{"href":"https:\/\/www.blackmoonrose.de\/index.php?rest_route=\/wp\/v2\/pages\/8914","targetHints":{"allow":["GET"]}}],"collection":[{"href":"https:\/\/www.blackmoonrose.de\/index.php?rest_route=\/wp\/v2\/pages"}],"about":[{"href":"https:\/\/www.blackmoonrose.de\/index.php?rest_route=\/wp\/v2\/types\/page"}],"author":[{"embeddable":true,"href":"https:\/\/www.blackmoonrose.de\/index.php?rest_route=\/wp\/v2\/users\/1"}],"replies":[{"embeddable":true,"href":"https:\/\/www.blackmoonrose.de\/index.php?rest_route=%2Fwp%2Fv2%2Fcomments&post=8914"}],"version-history":[{"count":2,"href":"https:\/\/www.blackmoonrose.de\/index.php?rest_route=\/wp\/v2\/pages\/8914\/revisions"}],"predecessor-version":[{"id":11407,"href":"https:\/\/www.blackmoonrose.de\/index.php?rest_route=\/wp\/v2\/pages\/8914\/revisions\/11407"}],"up":[{"embeddable":true,"href":"https:\/\/www.blackmoonrose.de\/index.php?rest_route=\/wp\/v2\/pages\/8067"}],"wp:attachment":[{"href":"https:\/\/www.blackmoonrose.de\/index.php?rest_route=%2Fwp%2Fv2%2Fmedia&parent=8914"}],"curies":[{"name":"wp","href":"https:\/\/api.w.org\/{rel}","templated":true}]}}