{"id":8918,"date":"2019-04-18T10:20:08","date_gmt":"2019-04-18T08:20:08","guid":{"rendered":"http:\/\/www.blackmoonrose.de\/?page_id=8918"},"modified":"2021-03-29T04:48:15","modified_gmt":"2021-03-29T02:48:15","slug":"ian","status":"publish","type":"page","link":"https:\/\/www.blackmoonrose.de\/?page_id=8918","title":{"rendered":"Ian"},"content":{"rendered":"<p><strong>Ian<\/strong>\u00a0(der schreckliche Pumpkin 15.06.2012 \u2013 09.10.2018)<br \/>\n<a href=\"http:\/\/www.blackmoonrose.de\/wp-content\/uploads\/2015\/07\/ian.jpg\" rel=\"fancybox\"><img loading=\"lazy\" decoding=\"async\" class=\"alignleft wp-image-3960 size-medium\" src=\"https:\/\/www.blackmoonrose.de\/wp-content\/uploads\/2015\/07\/ian-199x300.jpg\" alt=\"\" width=\"199\" height=\"300\" srcset=\"https:\/\/www.blackmoonrose.de\/wp-content\/uploads\/2015\/07\/ian-199x300.jpg 199w, https:\/\/www.blackmoonrose.de\/wp-content\/uploads\/2015\/07\/ian.jpg 637w\" sizes=\"auto, (max-width: 199px) 100vw, 199px\" \/><\/a>Das Cute zog im Juni 2013 hier ein,geboren wurde er allerdings am 15.06.2012 und kommt aus dem gleichen Tierheim wie Momo.<br \/>\nKernaussage \u00fcber ihn ist wohl \u201cwenn er nicht soooo s\u00fc\u00df w\u00e4re\u2026.\u201d h\u00e4tte man ihn schon 10 Mal vor die T\u00fcre gesetzt ^^ Ian hat wirklich nix als Bl\u00f6dsinn im Dicksch\u00e4del und da ist absolut NICHTS sicher. Noch schlimmer ansich ist,wenn man schimpft will er knutschen. Da kann man nicht mehr sauer sein.\u00a0 Seine Macke mit Klamotten fressen wollen ist im Griff. Inzwischen l\u00e4sst er sich am Spielgeier aus und ist damit lecker zufrieden.<br \/>\nIan hat IMMER hunger und hat dann gleich immer furchbares Drama *g* Ist ja nicht so das er nicht genug bek\u00e4me,er meint nur immer es ist zu wenig und das er eine halbe Stunde nachdem der volle Napf leer ist,Nachschlag haben k\u00f6nnte ^^ Lieblingsfutter ist demnach auch so ziemlich alles.<br \/>\nDas Kerlchen ist leider ein kleiner Montagskater und chronisch krank. Was letztendlich genau mit ihm los ist wei\u00df keiner,da nie etwas gefunden wurde. Aber das beeindruckt ihn zum Gl\u00fcck recht wenig. Selbstbewustsein in der Person,extrem geduldig \u2026 mit ihm kann man im Grunde alles machen (was vorteilhaft ist f\u00fcr Medikamente,Tierarzt und Co ^^) Wenn er mal die Schn\u00fct voll hat,zeigt er\u00b4s und dann hat man halt schon mal eine sitzen. Ist aber extrem selten \u2026 Er ist auch \u00fcberhaupt kein bisschen aggressiv und extremst sozial.\u00a0 Nur wenn\u00b4s mit Momo hier mal durch die Gegend geht,dann kann er durchaus mal ein riesen Ar*** sein.\u00a0 Kater unter sich halt\u00a0<img decoding=\"async\" class=\"wp-smiley\" src=\"http:\/\/www.blackmoonrose.de\/wp-includes\/images\/smilies\/wink.png\" alt=\";)\" \/><br \/>\nNun reiht sich das Pumpkinbaby hier auch ein -.- Da war man dem Trugschlu\u00df aufgesessen,er w\u00e4re stabil. 3 Jahre kein Drama,kein Tierarzt (abgesehen von den bl\u00f6den Giardien,Impftermin ) keine Verschlechterung,keine Infekte,kein nichts.\u00a0 Mit einem Mal musste die Lunge aufgeben. Ob es jetzt wirklich ein Asthma war oder nicht doch ein chronischer Verlauf von Fibrose (woher h\u00e4tte selbige sonst so spontan kommen sollen,ohne das er eine merkliche,dauerhafte Verschlechterung zeigt) die als Asthma fehlgedeutet wurde, wer wei\u00df es. Er war der einzigste Kater,der zeigte wenn er krank war,sich nicht f\u00fchlte o.\u00e4 Und er war ja anfangs oft krank. Entsprechend h\u00e4tte man es gemerkt,wenn sich l\u00e4nger was zusammengebraut h\u00e4tte. Ian war dann wie ein kleines Kind. Wollte nur noch kuscheln,bet\u00fcddelt werden,wenn Futter ging,dann wollte er von Hand gef\u00fcttert werden usw.<br \/>\nAm Mittag vom 07.10 bekam er mit einem Schlag keine Luft mehr,baute ganz rapide ab und es ging quasi mit &#8220;Blaulicht&#8221; zum \u00f6rtlichen Notdienst. Dort gab ein Cortisondepot f\u00fcr 1 Woche gespritzt und R\u00f6ntgen. Zun\u00e4chst erholte er sich den Nachmittag wieder,bis das es zum Abend hin wieder schlechter wurde und er nach Bielefeld in die Tierklinik musste um eine Sauerstoffbox zu haben. Montag hie\u00df es erst noch Winzhoffnung,er atme besser,Blutbild,Antibiotika etc. CT wollten wir machen lassen,wenn er auf die Behandlung ansprach um Tumor ausschlie\u00dfen zu lassen. Dazu kam es aber nicht mehr. Als ich am Dienstag mit der \u00c4rztin telefonierte,war er schlechter geworden,kam ohne Sauerstoff nicht mehr zurecht und alles andere w\u00e4re eine nicht mehr vertretbare Qu\u00e4lerrei gewesen.<br \/>\nDas Pumpkin schlief\u00a0 am 09.10.2018 ein und hat nun einen Platz mit Ausblick \u00fcber den Garten.<\/p>\n","protected":false},"excerpt":{"rendered":"<p>Ian\u00a0(der schreckliche Pumpkin 15.06.2012 \u2013 09.10.2018) Das Cute zog im Juni 2013 hier ein,geboren wurde er allerdings am 15.06.2012 und kommt aus dem gleichen Tierheim wie Momo. Kernaussage \u00fcber ihn ist wohl \u201cwenn er nicht soooo s\u00fc\u00df w\u00e4re\u2026.\u201d h\u00e4tte man ihn schon 10 Mal vor die T\u00fcre gesetzt ^^ Ian hat wirklich nix als Bl\u00f6dsinn &hellip; <\/p>\n","protected":false},"author":1,"featured_media":0,"parent":8067,"menu_order":0,"comment_status":"closed","ping_status":"closed","template":"","meta":{"footnotes":""},"class_list":["post-8918","page","type-page","status-publish","hentry"],"_links":{"self":[{"href":"https:\/\/www.blackmoonrose.de\/index.php?rest_route=\/wp\/v2\/pages\/8918","targetHints":{"allow":["GET"]}}],"collection":[{"href":"https:\/\/www.blackmoonrose.de\/index.php?rest_route=\/wp\/v2\/pages"}],"about":[{"href":"https:\/\/www.blackmoonrose.de\/index.php?rest_route=\/wp\/v2\/types\/page"}],"author":[{"embeddable":true,"href":"https:\/\/www.blackmoonrose.de\/index.php?rest_route=\/wp\/v2\/users\/1"}],"replies":[{"embeddable":true,"href":"https:\/\/www.blackmoonrose.de\/index.php?rest_route=%2Fwp%2Fv2%2Fcomments&post=8918"}],"version-history":[{"count":2,"href":"https:\/\/www.blackmoonrose.de\/index.php?rest_route=\/wp\/v2\/pages\/8918\/revisions"}],"predecessor-version":[{"id":11405,"href":"https:\/\/www.blackmoonrose.de\/index.php?rest_route=\/wp\/v2\/pages\/8918\/revisions\/11405"}],"up":[{"embeddable":true,"href":"https:\/\/www.blackmoonrose.de\/index.php?rest_route=\/wp\/v2\/pages\/8067"}],"wp:attachment":[{"href":"https:\/\/www.blackmoonrose.de\/index.php?rest_route=%2Fwp%2Fv2%2Fmedia&parent=8918"}],"curies":[{"name":"wp","href":"https:\/\/api.w.org\/{rel}","templated":true}]}}